{"id":4086,"date":"2025-11-11T14:04:32","date_gmt":"2025-11-11T13:04:32","guid":{"rendered":"https:\/\/cycasa.com\/beta2526\/?page_id=4086"},"modified":"2025-11-11T14:07:00","modified_gmt":"2025-11-11T13:07:00","slug":"politica-de-privacidad","status":"publish","type":"page","link":"https:\/\/cycasa.com\/eus\/politica-de-privacidad\/","title":{"rendered":"Pribatutasun politika"},"content":{"rendered":"<div data-elementor-type=\"wp-page\" data-elementor-id=\"4086\" class=\"elementor elementor-4086\">\n\t\t\t\t<div class=\"elementor-element elementor-element-9954d8b e-flex e-con-boxed e-con e-parent\" data-id=\"9954d8b\" data-element_type=\"container\" data-e-type=\"container\" data-settings=\"{&quot;jet_parallax_layout_list&quot;:[]}\">\n\t\t\t\t\t<div class=\"e-con-inner\">\n\t\t\t\t<div class=\"elementor-element elementor-element-b5a4a04 elementor-widget elementor-widget-text-editor\" data-id=\"b5a4a04\" data-element_type=\"widget\" data-e-type=\"widget\" data-widget_type=\"text-editor.default\">\n\t\t\t\t\t\t\t\t\t<p class=\"translation-block\">Pribatutasun-politika honek azaltzen du nola tratatzen dituen <em>Henao kalea 18, 1.a, 48009 Bilbo (Bizkaia) helbidean egoitza duen CYCASA CANTERAS Y CONSTRUCCIONES S.A. erakundeak<\/em> zure datu pertsonalak indarrean dagoen araudia betez, eta zer eskubide dituzun azaltzen du Datuak Babesteko Erregelamendu Orokorraren (DBEO) arabera.<\/p><p><strong>1. Arduradunaren identifikazioa eta harremanetarako datuak<\/strong><\/p><p>CYCASArekin honako bide hauen bidez jar zaitezke harremanetan:<\/p><ul><li class=\"translation-block\">Posta elektronikoaren bitartez: <a href=\"mailto:lopd@cycasa.com\" target=\"_self\">lopd@cycasa.com<\/a><\/li><\/ul><p><strong>2. Zure eskubideak baliatzea<\/strong><\/p><p>Jakinarazten dizugu honako eskubide hauek baliatu ahal izango dituzula:<\/p><ol><li>Zure datu pertsonaletara sartzeko eskubidea, tratamenduaren xede diren datuak zein diren eta haiekin egindako tratamendu-eragiketak ezagutzeko.<\/li><li>Zehaztugabea den edozein datu pertsonal zuzentzeko eskubidea.<\/li><li>Zure datu pertsonalak ezabatzeko eskubidea, hori posible denean.<\/li><li>Zure datu pertsonalen tratamendua mugatzeko eskatzeko eskubidea, datuen zehaztasuna, legezkotasuna edo tratamenduaren beharra zalantzazkoa denean; kasu horretan, datuak gorde ahal izango ditugu erreklamazioak baliatzeko edo defendatzeko.<\/li><li>Zure datu pertsonalen tratamenduaren aurka egiteko eskubidea, tratamendurako gaitzen gaituen oinarri juridikoa goiko taulan adierazitako interes legitimoa denean. CYCASAk zure datuak tratatzeari utziko dio, salbu eta interes legitimo premiatsua badu edo erreklamazioak formulatzeko, baliatzeko edo defendatzeko behar baditu.<\/li><li>Zure datuen eramangarritasunerako eskubidea, tratamendurako gaitzen gaituen oinarri juridikoa kontratu-harreman bat egotea edo zure baimena denean.<\/li><li>CYCASAri emandako baimena ezeztatzeko eskubidea.<\/li><\/ol><p>Bestalde, jakinarazten dizugu Datuak Babesteko Espainiako Agentzian erreklamazio bat aurkezteko eskubidea duzula, zure datu pertsonalen tratamenduari dagokionez datuak babesteko legeria urratu dela irizten baduzu.<\/p><p><strong>3. CYCASAk egiten dituen tratamenduei buruzko informazioa<\/strong><\/p><p>CYCASAk Tratamendu Jardueren Erregistro bat dauka, eta bertan zehazten dira arduradunak egiten dituen tratamenduak, bai eta horien oinarri juridikoari buruzko informazioa ere:<\/p><table><tbody><tr><td><strong>DBEO TRATAMENDUA<\/strong><\/td><td><strong>DBEO HELBURUA<\/strong><\/td><\/tr><tr><td>Hautagaitzak<\/td><td>Hautaketa-prozesuetan aurkezten diren pertsonen curriculumak kudeatzea.<\/td><\/tr><tr><td>Harremanetarako pertsonen kudeaketa<\/td><td>Kontaktuen datu-basea kudeatzea (bezeroekin, hornitzaileekin, erakundeekin, administrazio publikoekin eta, oro har, sozietateekin lotutako pertsonak).<\/td><\/tr><tr><td>Giza Baliabideen kudeaketa\u00a0<\/td><td>\u00a0Nominak, kontratazioa, pertsonen ebaluazioa, prestakuntza, gaitasunak eta barneko langileen lan-arriskuen prebentzioa.<\/td><\/tr><tr><td>\u00a0Azpikontratatutako langileak<\/td><td>Kanpoko langileen kudeaketa, enpresa-jardueren koordinaziotik eratorritako betebeharrak betetzeari dagokionez.<\/td><\/tr><tr><td>\u00a0Bideozaintza<\/td><td>Irudiak grabatzea eta ikustea kameren bidez, instalazioen segurtasunerako.<\/td><\/tr><\/tbody><\/table><p>\u00a0<\/p><p>\u00a0Behar bezala justifikatutako kasuan, Tratamendu Jardueren Erregistroari buruzko xehetasun handiagoa ezagutu behar baduzu, CYCASAra jo dezakezu 1. atalean identifikatutako edozein bideren bidez.<\/p><p><strong>4. Segurtasuna eta bermeak<\/strong><\/p><p>Gure helburua da datu pertsonalak beti modu egokian eta legez tratatzea, indarrean dauden datuen babeserako printzipioen arabera.<\/p><p>CYCASAk interes legitimoan oinarrituta egiten duen datu pertsonalen tratamenduaren kasuan, arduradunak interesdunen interesak, eskubideak eta askatasunak kontuan hartzen ditu, eta elkarren artean haztatzen ditu, aplikatzekoa den legeak eskatzen duen neurrian, dagokion pribatutasuna kaltetu ez dadin bermatzeko.<\/p><p><strong>Zenbat denboraz gordeko ditugu zure datuak?<\/strong><\/p><p>Zure datuak indarrean dauden legeak betetzeko behar-beharrezkoa den denboran baino ez ditugu gordetzen.<\/p><p>Zure datuak jaso ziren helburu legaletarako jada beharrezkoak ez direnean, ezabatu egingo dira datuen babeserako legeen arabera.<\/p><p><strong>5. Zure datuen transferentzia<\/strong><\/p><p>Ez dago aurreikusita zure datu pertsonalen nazioarteko transferentziarik.<\/p><p><strong>6. Konfidentzialtasuna<\/strong><\/p><p>Webgunearen bidez edo zurekin izan ditzakegun komunikazioen bidez jaso ditzakegun datu pertsonalak konfidentzialtasunez tratatuko dira, eta haien gaineko isilpekotasuna gordetzeko konpromisoa hartzen dugu, aplikatzekoa den legedian ezarritakoaren arabera.<\/p><p><strong>7. Pribatutasun-politikaren eguneratzea<\/strong><\/p><p>Baliteke Pribatutasun Politika hau eguneratu behar izatea; horregatik, beharrezkoa da politika hau aldian-aldian berrikustea eta, ahal bada, Webgunera sartzen zaren bakoitzean, biltzen den informazio motari eta haren tratamenduari buruz behar bezala informatuta egoteko. Pribatutasun Politika Webgunearen oinean aurki dezakezu.<\/p><p><strong>Pribatutasun Politika 2019ko martxoan eguneratu zen azken aldiz.<\/strong><\/p>\t\t\t\t\t\t\t\t<\/div>\n\t\t\t\t\t<\/div>\n\t\t\t\t<\/div>\n\t\t\t\t<\/div>","protected":false},"excerpt":{"rendered":"<p>Esta pol\u00edtica de privacidad describe c\u00f3mo la organizaci\u00f3n CYCASA CANTERAS Y CONSTRUCCIONES S.A. domiciliada en Calle Henao n 18, 1\u00ba, 48009 Bilbao (Bizkaia) trata tus datos personales en cumplimiento de la normativa vigente y explica los derechos que te asisten en virtud del Reglamento General de Protecci\u00f3n de Datos (RGPD). 1.\u00a0\u00a0 Identificaci\u00f3n y datos de [&hellip;]<\/p>\n","protected":false},"author":1,"featured_media":0,"parent":0,"menu_order":0,"comment_status":"closed","ping_status":"closed","template":"","meta":{"inline_featured_image":false,"footnotes":""},"class_list":["post-4086","page","type-page","status-publish","hentry","no-thumb"],"_links":{"self":[{"href":"https:\/\/cycasa.com\/eus\/wp-json\/wp\/v2\/pages\/4086","targetHints":{"allow":["GET"]}}],"collection":[{"href":"https:\/\/cycasa.com\/eus\/wp-json\/wp\/v2\/pages"}],"about":[{"href":"https:\/\/cycasa.com\/eus\/wp-json\/wp\/v2\/types\/page"}],"author":[{"embeddable":true,"href":"https:\/\/cycasa.com\/eus\/wp-json\/wp\/v2\/users\/1"}],"replies":[{"embeddable":true,"href":"https:\/\/cycasa.com\/eus\/wp-json\/wp\/v2\/comments?post=4086"}],"version-history":[{"count":3,"href":"https:\/\/cycasa.com\/eus\/wp-json\/wp\/v2\/pages\/4086\/revisions"}],"predecessor-version":[{"id":4089,"href":"https:\/\/cycasa.com\/eus\/wp-json\/wp\/v2\/pages\/4086\/revisions\/4089"}],"wp:attachment":[{"href":"https:\/\/cycasa.com\/eus\/wp-json\/wp\/v2\/media?parent=4086"}],"curies":[{"name":"wp","href":"https:\/\/api.w.org\/{rel}","templated":true}]}}